{"id":139,"date":"2023-04-08T15:21:55","date_gmt":"2023-04-08T15:21:55","guid":{"rendered":"https:\/\/thehub.rs\/v2\/en\/?page_id=139"},"modified":"2023-04-08T15:44:14","modified_gmt":"2023-04-08T15:44:14","slug":"the-city-of-nis","status":"publish","type":"page","link":"https:\/\/thehub.rs\/en\/the-city-of-nis\/","title":{"rendered":"The city of Ni\u0161"},"content":{"rendered":"<section class=\"wpb-content-wrapper\"><p>[vc_row full_width=&#8221;stretch_row_content_no_spaces&#8221; css=&#8221;.vc_custom_1680848003012{margin-top: -40px !important;}&#8221; woodmart_css_id=&#8221;642fb47bc5d5b&#8221; responsive_spacing=&#8221;eyJwYXJhbV90eXBlIjoid29vZG1hcnRfcmVzcG9uc2l2ZV9zcGFjaW5nIiwic2VsZWN0b3JfaWQiOiI2NDJmYjQ3YmM1ZDViIiwic2hvcnRjb2RlIjoidmNfcm93IiwiZGF0YSI6eyJ0YWJsZXQiOnt9LCJtb2JpbGUiOnt9fX0=&#8221; mobile_bg_img_hidden=&#8221;no&#8221; tablet_bg_img_hidden=&#8221;no&#8221; woodmart_parallax=&#8221;0&#8243; woodmart_gradient_switch=&#8221;no&#8221; woodmart_box_shadow=&#8221;no&#8221; wd_z_index=&#8221;no&#8221; woodmart_disable_overflow=&#8221;0&#8243; row_reverse_mobile=&#8221;0&#8243; row_reverse_tablet=&#8221;0&#8243;][vc_column][vc_single_image image=&#8221;102&#8243; img_size=&#8221;1920&#215;729&#8243; parallax_scroll=&#8221;no&#8221; woodmart_inline=&#8221;no&#8221;][\/vc_column][\/vc_row][vc_row responsive_tabs_advanced=&#8221;mobile&#8221; css=&#8221;.vc_custom_1680885064948{padding-top: 15px !important;padding-bottom: 15px !important;}&#8221; woodmart_css_id=&#8221;64304543080be&#8221; responsive_spacing=&#8221;eyJwYXJhbV90eXBlIjoid29vZG1hcnRfcmVzcG9uc2l2ZV9zcGFjaW5nIiwic2VsZWN0b3JfaWQiOiI2NDMwNDU0MzA4MGJlIiwic2hvcnRjb2RlIjoidmNfcm93IiwiZGF0YSI6eyJ0YWJsZXQiOnt9LCJtb2JpbGUiOnt9fX0=&#8221; mobile_bg_img_hidden=&#8221;no&#8221; tablet_bg_img_hidden=&#8221;no&#8221; woodmart_parallax=&#8221;0&#8243; woodmart_gradient_switch=&#8221;no&#8221; woodmart_box_shadow=&#8221;no&#8221; wd_z_index=&#8221;no&#8221; woodmart_disable_overflow=&#8221;0&#8243; row_reverse_mobile=&#8221;1&#8243; row_reverse_tablet=&#8221;0&#8243;][vc_column width=&#8221;1\/2&#8243;]\t\t\t<link rel=\"stylesheet\" id=\"wd-section-title-css\" href=\"https:\/\/thehub.rs\/v2\/wp-content\/themes\/woodmart\/css\/parts\/el-section-title.min.css?ver=6.3.3\" type=\"text\/css\" media=\"all\" \/> \t\t\t\t\t\t<link rel=\"stylesheet\" id=\"wd-mod-highlighted-text-css\" href=\"https:\/\/thehub.rs\/v2\/wp-content\/themes\/woodmart\/css\/parts\/mod-highlighted-text.min.css?ver=6.3.3\" type=\"text\/css\" media=\"all\" \/> \t\t\t\n\t\t<div id=\"wd-64318658a21f5\" class=\"title-wrapper wd-wpb set-mb-s reset-last-child  wd-rs-64318658a21f5 wd-title-color-primary wd-title-style-underlined wd-width-100 text-right  wd-underline-colored\">\n\t\t\t\n\t\t\t<div class=\"liner-continer\">\n\t\t\t\t<h2 class=\"woodmart-title-container title  wd-font-weight- wd-fontsize-xxxl\" >The city of Ni\u0161<\/h2>\n\t\t\t\t\t\t\t<\/div>\n\t\t\t\n\t\t\t\t\t\t\t<div class=\"title-after_title  set-cont-mb-s reset-last-child  wd-fontsize-s\">The main intersection of the roads and the center of the Balkans both geographically and in the importance that it has, because it connects Western Europe to the south and the Middle East. <\/p>\n<p>Ni\u0161 is called the gate of the east and the entrance hall to the west. It is the third largest city in Serbia, with its 300,000 inhabitants and a region of two million people gravitating towards it. With its economic potential, it attracts a large number of foreign and domestic greenfield investments and is a significant center of business.<\/div>\n\t\t\t\n\t\t\t\n\t\t<\/div>\n\t\t\n\t\t[\/vc_column][vc_column width=&#8221;1\/2&#8243;][vc_single_image image=&#8221;108&#8243; img_size=&#8221;700&#215;420&#8243; parallax_scroll=&#8221;no&#8221; woodmart_inline=&#8221;no&#8221;][\/vc_column][\/vc_row][vc_row responsive_tabs_advanced=&#8221;mobile&#8221; woodmart_css_id=&#8221;6430454a8aa32&#8243; responsive_spacing=&#8221;eyJwYXJhbV90eXBlIjoid29vZG1hcnRfcmVzcG9uc2l2ZV9zcGFjaW5nIiwic2VsZWN0b3JfaWQiOiI2NDMwNDU0YThhYTMyIiwic2hvcnRjb2RlIjoidmNfcm93IiwiZGF0YSI6eyJ0YWJsZXQiOnt9LCJtb2JpbGUiOnt9fX0=&#8221; mobile_bg_img_hidden=&#8221;no&#8221; tablet_bg_img_hidden=&#8221;no&#8221; woodmart_parallax=&#8221;0&#8243; woodmart_gradient_switch=&#8221;no&#8221; woodmart_box_shadow=&#8221;no&#8221; wd_z_index=&#8221;no&#8221; woodmart_disable_overflow=&#8221;0&#8243; row_reverse_mobile=&#8221;0&#8243; row_reverse_tablet=&#8221;0&#8243; css=&#8221;.vc_custom_1680885072940{padding-top: 15px !important;padding-bottom: 15px !important;}&#8221;][vc_column width=&#8221;1\/2&#8243;][vc_single_image image=&#8221;109&#8243; img_size=&#8221;700&#215;420&#8243; alignment=&#8221;right&#8221; parallax_scroll=&#8221;no&#8221; woodmart_inline=&#8221;no&#8221;][\/vc_column][vc_column width=&#8221;1\/2&#8243;]\n\t\t<div id=\"wd-6431866ba9d32\" class=\"title-wrapper wd-wpb set-mb-s reset-last-child  wd-rs-6431866ba9d32 wd-title-color-primary wd-title-style-underlined wd-width-100 text-left  wd-title-empty wd-underline-colored\">\n\t\t\t\n\t\t\t<div class=\"liner-continer\">\n\t\t\t\t<h2 class=\"woodmart-title-container title  wd-font-weight- wd-fontsize-xxxl\" ><\/h2>\n\t\t\t\t\t\t\t<\/div>\n\t\t\t\n\t\t\t\t\t\t\t<div class=\"title-after_title  set-cont-mb-s reset-last-child  wd-fontsize-s\">In the former Roman Naissus the Emperor Constantine was born, the only Roman emperor who was proclaimed a saint because, by his decree in 313, known as the edict of Milan, he ``legalized`` Christianity. <\/p>\n<p>Mosaics and remains of his Mediana palace are now visited by tourists from the whole world. Tourists who come to Ni\u0161 also because of delicious food, the old fortress, music festivals, beautiful girls, famous Southern hospitality and an open heart hosts.<\/div>\n\t\t\t\n\t\t\t\n\t\t<\/div>\n\t\t\n\t\t[\/vc_column][\/vc_row][vc_row responsive_tabs_advanced=&#8221;mobile&#8221; css=&#8221;.vc_custom_1680885080367{padding-top: 15px !important;padding-bottom: 15px !important;}&#8221; woodmart_css_id=&#8221;64304552cfe14&#8243; responsive_spacing=&#8221;eyJwYXJhbV90eXBlIjoid29vZG1hcnRfcmVzcG9uc2l2ZV9zcGFjaW5nIiwic2VsZWN0b3JfaWQiOiI2NDMwNDU1MmNmZTE0Iiwic2hvcnRjb2RlIjoidmNfcm93IiwiZGF0YSI6eyJ0YWJsZXQiOnt9LCJtb2JpbGUiOnt9fX0=&#8221; mobile_bg_img_hidden=&#8221;no&#8221; tablet_bg_img_hidden=&#8221;no&#8221; woodmart_parallax=&#8221;0&#8243; woodmart_gradient_switch=&#8221;no&#8221; woodmart_box_shadow=&#8221;no&#8221; wd_z_index=&#8221;no&#8221; woodmart_disable_overflow=&#8221;0&#8243; row_reverse_mobile=&#8221;1&#8243; row_reverse_tablet=&#8221;0&#8243;][vc_column width=&#8221;1\/2&#8243;]\n\t\t<div id=\"wd-64318687c8fae\" class=\"title-wrapper wd-wpb set-mb-s reset-last-child  wd-rs-64318687c8fae wd-title-color-primary wd-title-style-underlined wd-width-100 text-right  wd-title-empty wd-underline-colored\">\n\t\t\t\n\t\t\t<div class=\"liner-continer\">\n\t\t\t\t<h2 class=\"woodmart-title-container title  wd-font-weight- wd-fontsize-xxxl\" ><\/h2>\n\t\t\t\t\t\t\t<\/div>\n\t\t\t\n\t\t\t\t\t\t\t<div class=\"title-after_title  set-cont-mb-s reset-last-child  wd-fontsize-s\"><\/p>\n<p>Nisville, The Skull Tower, \u010cegar, The Film festival, The Symphony Orchestra are just a few manifestations and places that mark the city and attract people.<\/p>\n<p>Here young people are studying at one of the faculties of the University of Ni\u0161. From here, people fly to Vienna, Milan, Bratislava, Zurich, Berlin, Stockholm, D\u00fcsseldorf, etc. from the airport ``Constantine the Great``. People are shopping, having good time and eating well in Ni\u0161.<\/p>\n<p>This city deserves The Hub, as The Hub deserves to be in such a city.<\/div>\n\t\t\t\n\t\t\t\n\t\t<\/div>\n\t\t\n\t\t[\/vc_column][vc_column width=&#8221;1\/2&#8243;][vc_single_image image=&#8221;40&#8243; img_size=&#8221;700&#215;420&#8243; parallax_scroll=&#8221;no&#8221; woodmart_inline=&#8221;no&#8221;][\/vc_column][\/vc_row]<\/p>\n<\/section>","protected":false},"excerpt":{"rendered":"<p>[vc_row full_width=&#8221;stretch_row_content_no_spaces&#8221; css=&#8221;.vc_custom_1680848003012{margin-top: -40px !important;}&#8221; woodmart_css_id=&#8221;642fb47bc5d5b&#8221; responsive_spacing=&#8221;eyJwYXJhbV90eXBlIjoid29vZG1hcnRfcmVzcG9uc2l2ZV9zcGFjaW5nIiwic2VsZWN0b3JfaWQiOiI2NDJmYjQ3YmM1ZDViIiwic2hvcnRjb2RlIjoidmNfcm93IiwiZGF0YSI6eyJ0YWJsZXQiOnt9LCJtb2JpbGUiOnt9fX0=&#8221; mobile_bg_img_hidden=&#8221;no&#8221; tablet_bg_img_hidden=&#8221;no&#8221; woodmart_parallax=&#8221;0&#8243; woodmart_gradient_switch=&#8221;no&#8221; woodmart_box_shadow=&#8221;no&#8221; wd_z_index=&#8221;no&#8221; woodmart_disable_overflow=&#8221;0&#8243; row_reverse_mobile=&#8221;0&#8243; row_reverse_tablet=&#8221;0&#8243;][vc_column][vc_single_image image=&#8221;102&#8243; img_size=&#8221;1920&#215;729&#8243; parallax_scroll=&#8221;no&#8221; woodmart_inline=&#8221;no&#8221;][\/vc_column][\/vc_row][vc_row<\/p>\n","protected":false},"author":1,"featured_media":0,"parent":0,"menu_order":0,"comment_status":"closed","ping_status":"closed","template":"","meta":{"footnotes":""},"class_list":["post-139","page","type-page","status-publish","hentry"],"_links":{"self":[{"href":"https:\/\/thehub.rs\/en\/wp-json\/wp\/v2\/pages\/139","targetHints":{"allow":["GET"]}}],"collection":[{"href":"https:\/\/thehub.rs\/en\/wp-json\/wp\/v2\/pages"}],"about":[{"href":"https:\/\/thehub.rs\/en\/wp-json\/wp\/v2\/types\/page"}],"author":[{"embeddable":true,"href":"https:\/\/thehub.rs\/en\/wp-json\/wp\/v2\/users\/1"}],"replies":[{"embeddable":true,"href":"https:\/\/thehub.rs\/en\/wp-json\/wp\/v2\/comments?post=139"}],"version-history":[{"count":1,"href":"https:\/\/thehub.rs\/en\/wp-json\/wp\/v2\/pages\/139\/revisions"}],"predecessor-version":[{"id":140,"href":"https:\/\/thehub.rs\/en\/wp-json\/wp\/v2\/pages\/139\/revisions\/140"}],"wp:attachment":[{"href":"https:\/\/thehub.rs\/en\/wp-json\/wp\/v2\/media?parent=139"}],"curies":[{"name":"wp","href":"https:\/\/api.w.org\/{rel}","templated":true}]}}